{"id":11149,"date":"2025-11-18T12:52:53","date_gmt":"2025-11-18T12:52:53","guid":{"rendered":"https:\/\/village.ma\/?page_id=11149"},"modified":"2025-11-19T16:22:45","modified_gmt":"2025-11-19T16:22:45","slug":"paiement","status":"publish","type":"page","link":"https:\/\/village.ma\/ar\/paiement\/","title":{"rendered":"\u0637\u0631\u0642 \u0627\u0644\u062f\u0641\u0639"},"content":{"rendered":"<div data-elementor-type=\"wp-page\" data-elementor-id=\"11149\" class=\"elementor elementor-11149\">\n\t\t\t\t<div class=\"wd-negative-gap elementor-element elementor-element-2433df56 e-flex e-con-boxed e-con e-parent\" data-id=\"2433df56\" data-element_type=\"container\" data-e-type=\"container\">\n\t\t\t\t\t<div class=\"e-con-inner\">\n\t\t<div class=\"elementor-element elementor-element-537e40b8 e-con-full e-flex e-con e-child\" data-id=\"537e40b8\" data-element_type=\"container\" data-e-type=\"container\">\n\t\t<div class=\"elementor-element elementor-element-7499d472 e-con-full e-grid e-con e-child\" data-id=\"7499d472\" data-element_type=\"container\" data-e-type=\"container\" data-settings=\"{&quot;background_background&quot;:&quot;classic&quot;}\">\n\t\t\t\t<div class=\"elementor-element elementor-element-4f88d9f3 elementor-widget__width-initial wd-width-100 elementor-widget elementor-widget-wd_title\" data-id=\"4f88d9f3\" data-element_type=\"widget\" data-e-type=\"widget\" data-widget_type=\"wd_title.default\">\n\t\t\t\t<div class=\"elementor-widget-container\">\n\t\t\t\t\t\t\t<div class=\"title-wrapper wd-set-mb reset-last-child wd-title-color-white wd-title-style-default wd-title-size-medium text-left\">\n\n\t\t\t\n\t\t\t<div class=\"liner-continer\">\n\t\t\t\t<h4 class=\"woodmart-title-container title wd-fontsize-xl\"> \u062f\u0641\u0639 \u0622\u0645\u0646<\/h4> \n\t\t\t\t\t\t\t<\/div>\n\n\t\t\t\t\t\t\t<div class=\"title-after_title reset-last-child wd-fontsize-s\">\n\t\t\t\t\t\u062e\u064a\u0627\u0631\u0627\u062a \u062f\u0641\u0639 \u0645\u0631\u0646\u0629 \u0645\u0646 \u0623\u062c\u0644 \u062a\u062c\u0631\u0628\u0629 \u062a\u0633\u0648\u0651\u0642 \u0645\u0631\u064a\u062d\u0629.\t\t\t\t<\/div>\n\t\t\t\t\t<\/div>\n\t\t\t\t\t\t<\/div>\n\t\t\t\t<\/div>\n\t\t\t\t<div class=\"elementor-element elementor-element-4312c2e elementor-widget elementor-widget-wd_image_or_svg\" data-id=\"4312c2e\" data-element_type=\"widget\" data-e-type=\"widget\" data-widget_type=\"wd_image_or_svg.default\">\n\t\t\t\t<div class=\"elementor-widget-container\">\n\t\t\t\t\t\n\t\t<div class=\"wd-image text-left\">\n\t\t\t\t\t\t\t\t<img loading=\"lazy\" decoding=\"async\" width=\"1080\" height=\"261\" src=\"https:\/\/village.ma\/wp-content\/uploads\/2025\/11\/logo1-village-ma.png\" class=\"attachment-full size-full\" alt=\"\" srcset=\"https:\/\/village.ma\/wp-content\/uploads\/2025\/11\/logo1-village-ma.png 1080w, https:\/\/village.ma\/wp-content\/uploads\/2025\/11\/logo1-village-ma-300x73.png 300w, https:\/\/village.ma\/wp-content\/uploads\/2025\/11\/logo1-village-ma-1024x247.png 1024w, https:\/\/village.ma\/wp-content\/uploads\/2025\/11\/logo1-village-ma-768x186.png 768w, https:\/\/village.ma\/wp-content\/uploads\/2025\/11\/logo1-village-ma-18x4.png 18w, https:\/\/village.ma\/wp-content\/uploads\/2025\/11\/logo1-village-ma-150x36.png 150w\" sizes=\"auto, (max-width: 1080px) 100vw, 1080px\" \/>\t\t\t\t\t<\/div>\n\n\t\t\t\t\t\t<\/div>\n\t\t\t\t<\/div>\n\t\t\t\t<\/div>\n\t\t<div class=\"elementor-element elementor-element-3aa29d69 e-con-full e-flex e-con e-child\" data-id=\"3aa29d69\" data-element_type=\"container\" data-e-type=\"container\" data-settings=\"{&quot;background_background&quot;:&quot;classic&quot;}\">\n\t\t\t\t<div class=\"elementor-element elementor-element-d5fc3e2 right-paragraphe elementor-widget elementor-widget-wd_text_block\" data-id=\"d5fc3e2\" data-element_type=\"widget\" data-e-type=\"widget\" data-widget_type=\"wd_text_block.default\">\n\t\t\t\t<div class=\"elementor-widget-container\">\n\t\t\t\t\t\t\t<div class=\"wd-text-block reset-last-child text-left\">\n\t\t\t\n\t\t\t<p>\u0646\u0642\u062f\u0651\u0645 \u0645\u062c\u0645\u0648\u0639\u0629 \u0645\u0646 \u0648\u0633\u0627\u0626\u0644 \u0627\u0644\u062f\u0641\u0639 \u0644\u062c\u0639\u0644 \u062a\u062c\u0631\u0628\u0629 \u0627\u0644\u062a\u0633\u0648\u0651\u0642 \u0627\u0644\u062e\u0627\u0635\u0629 \u0628\u0643\u0645 \u0633\u0644\u0633\u0629 \u0642\u062f\u0631 \u0627\u0644\u0625\u0645\u0643\u0627\u0646 \u0639\u0644\u0649 \u0645\u062a\u062c\u0631\u0646\u0627.<\/p>\n\t\t\t\t\t<\/div>\n\t\t\t\t\t\t<\/div>\n\t\t\t\t<\/div>\n\t\t\t\t<div class=\"elementor-element elementor-element-3a040e9 wd-width-100 elementor-widget elementor-widget-wd_title\" data-id=\"3a040e9\" data-element_type=\"widget\" data-e-type=\"widget\" data-widget_type=\"wd_title.default\">\n\t\t\t\t<div class=\"elementor-widget-container\">\n\t\t\t\t\t\t\t<div class=\"title-wrapper wd-set-mb reset-last-child wd-title-color-default wd-title-style-default wd-title-size-default text-left\">\n\n\t\t\t\n\t\t\t<div class=\"liner-continer\">\n\t\t\t\t<h4 class=\"woodmart-title-container title wd-fontsize-l\">\u062a\u0648\u062c\u062f \u0639\u062f\u0629 \u0648\u0633\u0627\u0626\u0644 \u062f\u0641\u0639 \u0645\u062a\u0627\u062d\u0629 \u0644\u062a\u0642\u062f\u064a\u0645 \u0637\u0644\u0628\u0643\u0645:<\/h4> \n\t\t\t\t\t\t\t<\/div>\n\n\t\t\t\t\t<\/div>\n\t\t\t\t\t\t<\/div>\n\t\t\t\t<\/div>\n\t\t<div class=\"wd-negative-gap elementor-element elementor-element-173f69bd e-flex e-con-boxed e-con e-child\" data-id=\"173f69bd\" data-element_type=\"container\" data-e-type=\"container\">\n\t\t\t\t\t<div class=\"e-con-inner\">\n\t\t<div class=\"elementor-element elementor-element-3909d018 e-con-full e-flex e-con e-child\" data-id=\"3909d018\" data-element_type=\"container\" data-e-type=\"container\">\n\t\t<div class=\"elementor-element elementor-element-b3c8e26 e-con-full e-flex e-con e-child\" data-id=\"b3c8e26\" data-element_type=\"container\" data-e-type=\"container\" data-settings=\"{&quot;background_background&quot;:&quot;classic&quot;}\">\n\t\t\t\t<div class=\"elementor-element elementor-element-43ef46e1 elementor-widget elementor-widget-wd_image_or_svg\" data-id=\"43ef46e1\" data-element_type=\"widget\" data-e-type=\"widget\" data-widget_type=\"wd_image_or_svg.default\">\n\t\t\t\t<div class=\"elementor-widget-container\">\n\t\t\t\t\t\n\t\t<div class=\"wd-image text-center\">\n\t\t\t\t\t\t\t\t<img loading=\"lazy\" decoding=\"async\" width=\"64\" height=\"64\" src=\"https:\/\/village.ma\/wp-content\/uploads\/2025\/11\/mobile-banking.png\" class=\"attachment-64x64 size-64x64\" alt=\"\" srcset=\"https:\/\/village.ma\/wp-content\/uploads\/2025\/11\/mobile-banking.png 64w, https:\/\/village.ma\/wp-content\/uploads\/2025\/11\/mobile-banking-12x12.png 12w\" sizes=\"auto, (max-width: 64px) 100vw, 64px\" \/>\t\t\t\t\t<\/div>\n\n\t\t\t\t\t\t<\/div>\n\t\t\t\t<\/div>\n\t\t\t\t<div class=\"elementor-element elementor-element-5efc41df elementor-widget__width-auto elementor-widget elementor-widget-wd_text_block\" data-id=\"5efc41df\" data-element_type=\"widget\" data-e-type=\"widget\" data-widget_type=\"wd_text_block.default\">\n\t\t\t\t<div class=\"elementor-widget-container\">\n\t\t\t\t\t\t\t<div class=\"wd-text-block reset-last-child text-center color-title\">\n\t\t\t\n\t\t\t<p>\u0627\u0644\u062a\u062d\u0648\u064a\u0644 \u0627\u0644\u0628\u0646\u0643\u064a<\/p>\n\t\t\t\t\t<\/div>\n\t\t\t\t\t\t<\/div>\n\t\t\t\t<\/div>\n\t\t\t\t<\/div>\n\t\t<div class=\"elementor-element elementor-element-38b36bc6 e-con-full e-flex e-con e-child\" data-id=\"38b36bc6\" data-element_type=\"container\" data-e-type=\"container\" data-settings=\"{&quot;background_background&quot;:&quot;classic&quot;}\">\n\t\t\t\t<div class=\"elementor-element elementor-element-4f7c7fef elementor-widget elementor-widget-wd_image_or_svg\" data-id=\"4f7c7fef\" data-element_type=\"widget\" data-e-type=\"widget\" data-widget_type=\"wd_image_or_svg.default\">\n\t\t\t\t<div class=\"elementor-widget-container\">\n\t\t\t\t\t\n\t\t<div class=\"wd-image text-center\">\n\t\t\t\t\t\t\t\t<img loading=\"lazy\" decoding=\"async\" width=\"64\" height=\"64\" src=\"https:\/\/village.ma\/wp-content\/uploads\/2025\/11\/payment.png\" class=\"attachment-64x64 size-64x64\" alt=\"\" srcset=\"https:\/\/village.ma\/wp-content\/uploads\/2025\/11\/payment.png 64w, https:\/\/village.ma\/wp-content\/uploads\/2025\/11\/payment-12x12.png 12w\" sizes=\"auto, (max-width: 64px) 100vw, 64px\" \/>\t\t\t\t\t<\/div>\n\n\t\t\t\t\t\t<\/div>\n\t\t\t\t<\/div>\n\t\t\t\t<div class=\"elementor-element elementor-element-43f27d27 elementor-widget__width-auto elementor-widget elementor-widget-wd_text_block\" data-id=\"43f27d27\" data-element_type=\"widget\" data-e-type=\"widget\" data-widget_type=\"wd_text_block.default\">\n\t\t\t\t<div class=\"elementor-widget-container\">\n\t\t\t\t\t\t\t<div class=\"wd-text-block reset-last-child text-center color-title\">\n\t\t\t\n\t\t\t<div class=\"elementor-element elementor-element-94cd127 elementor-widget__width-auto elementor-widget elementor-widget-wd_text_block\" data-id=\"94cd127\" data-element_type=\"widget\" data-widget_type=\"wd_text_block.default\"><div class=\"elementor-widget-container\"><div class=\"wd-text-block reset-last-child text-center color-title\"><p>\u0627\u0644\u062f\u0641\u0639 \u0639\u0646\u062f \u0627\u0644\u062a\u0633\u0644\u064a\u0645<\/p><\/div><\/div><\/div>\n\t\t\t\t\t<\/div>\n\t\t\t\t\t\t<\/div>\n\t\t\t\t<\/div>\n\t\t\t\t<\/div>\n\t\t<div class=\"elementor-element elementor-element-382762fb e-con-full e-flex e-con e-child\" data-id=\"382762fb\" data-element_type=\"container\" data-e-type=\"container\" data-settings=\"{&quot;background_background&quot;:&quot;classic&quot;}\">\n\t\t\t\t<div class=\"elementor-element elementor-element-5abf10f elementor-widget elementor-widget-wd_image_or_svg\" data-id=\"5abf10f\" data-element_type=\"widget\" data-e-type=\"widget\" data-widget_type=\"wd_image_or_svg.default\">\n\t\t\t\t<div class=\"elementor-widget-container\">\n\t\t\t\t\t\n\t\t<div class=\"wd-image text-center\">\n\t\t\t\t\t\t\t\t<img loading=\"lazy\" decoding=\"async\" width=\"64\" height=\"64\" src=\"https:\/\/village.ma\/wp-content\/uploads\/2025\/11\/paypal.png\" class=\"attachment-64x64 size-64x64\" alt=\"\" srcset=\"https:\/\/village.ma\/wp-content\/uploads\/2025\/11\/paypal.png 64w, https:\/\/village.ma\/wp-content\/uploads\/2025\/11\/paypal-12x12.png 12w, https:\/\/village.ma\/wp-content\/uploads\/2025\/11\/paypal-58x58.png 58w\" sizes=\"auto, (max-width: 64px) 100vw, 64px\" \/>\t\t\t\t\t<\/div>\n\n\t\t\t\t\t\t<\/div>\n\t\t\t\t<\/div>\n\t\t\t\t<div class=\"elementor-element elementor-element-2aa176cb elementor-widget__width-auto elementor-widget elementor-widget-wd_text_block\" data-id=\"2aa176cb\" data-element_type=\"widget\" data-e-type=\"widget\" data-widget_type=\"wd_text_block.default\">\n\t\t\t\t<div class=\"elementor-widget-container\">\n\t\t\t\t\t\t\t<div class=\"wd-text-block reset-last-child text-center color-title\">\n\t\t\t\n\t\t\t<p>PayPal<\/p>\n\t\t\t\t\t<\/div>\n\t\t\t\t\t\t<\/div>\n\t\t\t\t<\/div>\n\t\t\t\t<\/div>\n\t\t\t\t<\/div>\n\t\t\t\t\t<\/div>\n\t\t\t\t<\/div>\n\t\t\t\t<\/div>\n\t\t\t\t<\/div>\n\t\t<div class=\"wd-sticky-container-lg elementor-element elementor-element-350ba885 e-con-full elementor-hidden-tablet elementor-hidden-mobile e-flex e-con e-child\" data-id=\"350ba885\" data-element_type=\"container\" data-e-type=\"container\">\n\t\t<div class=\"elementor-element elementor-element-6131a608 e-con-full e-flex e-con e-child\" data-id=\"6131a608\" data-element_type=\"container\" data-e-type=\"container\" data-settings=\"{&quot;background_background&quot;:&quot;classic&quot;}\">\n\t\t\t\t<div class=\"elementor-element elementor-element-6b3f70db wd-width-100 elementor-widget elementor-widget-wd_title\" data-id=\"6b3f70db\" data-element_type=\"widget\" data-e-type=\"widget\" data-widget_type=\"wd_title.default\">\n\t\t\t\t<div class=\"elementor-widget-container\">\n\t\t\t\t\t\t\t<div class=\"title-wrapper wd-set-mb reset-last-child wd-title-color-default wd-title-style-default wd-title-size-small text-left\">\n\n\t\t\t\n\t\t\t<div class=\"liner-continer\">\n\t\t\t\t<h4 class=\"woodmart-title-container title wd-fontsize-m\">\u0647\u0644 \u062a\u062d\u062a\u0627\u062c \u0625\u0644\u0649 \u0645\u0633\u0627\u0639\u062f\u0629\u061f<\/h4> \n\t\t\t\t\t\t\t<\/div>\n\n\t\t\t\t\t<\/div>\n\t\t\t\t\t\t<\/div>\n\t\t\t\t<\/div>\n\t\t\t\t<div class=\"elementor-element elementor-element-1a03968a sidebar-aide elementor-widget elementor-widget-wd_list\" data-id=\"1a03968a\" data-element_type=\"widget\" data-e-type=\"widget\" id=\"contact-section\" data-widget_type=\"wd_list.default\">\n\t\t\t\t<div class=\"elementor-widget-container\">\n\t\t\t\t\t\t\t<ul class=\"wd-list color-scheme-custom wd-fontsize-xs wd-type-icon wd-style-default text-left\">\n\t\t\t\t\t\t\t\t\t\t\t<li class=\"elementor-repeater-item-b7e03af\">\n\t\t\t\t\t\t\t\t\t\t\t<span class=\"wd-icon\"><img decoding=\"async\"  src=\"https:\/\/village.ma\/wp-content\/uploads\/2024\/12\/phone.svg\" title=\"phone.svg\" loading=\"lazy\" width=\"32\" height=\"32\"><\/span>\t\t\t\t\t\n\t\t\t\t\t<span class=\"wd-list-content list-content\">\n\t\t\t\t\t\t\t\t\t\t\t\t\t<a  href=\"tel:+212666102167\">\n\t\t\t\t\t\t\t\t+212 666-102167\t\t\t\t\t\t\t<\/a>\n\t\t\t\t\t\t\t\t\t\t\t<\/span>\n\t\t\t\t<\/li>\n\t\t\t\t\t\t\t\t\t\t\t<li class=\"elementor-repeater-item-dc81d72\">\n\t\t\t\t\t\t\t\t\t\t\t<span class=\"wd-icon\"><img decoding=\"async\"  src=\"https:\/\/village.ma\/wp-content\/uploads\/2024\/12\/whatsapp.svg\" title=\"whatsapp.svg\" loading=\"lazy\" width=\"32\" height=\"32\"><\/span>\t\t\t\t\t\n\t\t\t\t\t<span class=\"wd-list-content list-content\">\n\t\t\t\t\t\t\t\t\t\t\t\t\t<a  href=\"https:\/\/wa.me\/+212%20666102167\">\n\t\t\t\t\t\t\t\tWhatsApp\t\t\t\t\t\t\t<\/a>\n\t\t\t\t\t\t\t\t\t\t\t<\/span>\n\t\t\t\t<\/li>\n\t\t\t\t\t\t\t\t\t\t\t<li class=\"elementor-repeater-item-291ad44\">\n\t\t\t\t\t\t\t\t\t\t\t<span class=\"wd-icon\"><img decoding=\"async\"  src=\"https:\/\/village.ma\/wp-content\/uploads\/2024\/12\/messenger.svg\" title=\"messenger.svg\" loading=\"lazy\" width=\"32\" height=\"32\"><\/span>\t\t\t\t\t\n\t\t\t\t\t<span class=\"wd-list-content list-content\">\n\t\t\t\t\t\t\t\t\t\t\t\t\t<a  href=\"https:\/\/m.me\/\">\n\t\t\t\t\t\t\t\tMessenger\t\t\t\t\t\t\t<\/a>\n\t\t\t\t\t\t\t\t\t\t\t<\/span>\n\t\t\t\t<\/li>\n\t\t\t\t\t\t\t\t\t\t\t<li class=\"elementor-repeater-item-c05932f\">\n\t\t\t\t\t\t\t\t\t\t\t<span class=\"wd-icon\"><img decoding=\"async\"  src=\"https:\/\/village.ma\/wp-content\/uploads\/2024\/12\/email.svg\" title=\"email.svg\" loading=\"lazy\" width=\"32\" height=\"32\"><\/span>\t\t\t\t\t\n\t\t\t\t\t<span class=\"wd-list-content list-content\">\n\t\t\t\t\t\t\t\t\t\t\t\t\t<a  href=\"mailto:info@village.ma\">\n\t\t\t\t\t\t\t\tinfo@village.ma\t\t\t\t\t\t\t<\/a>\n\t\t\t\t\t\t\t\t\t\t\t<\/span>\n\t\t\t\t<\/li>\n\t\t\t\t\t<\/ul>\n\n\t\t\t\t\t\t<\/div>\n\t\t\t\t<\/div>\n\t\t\t\t<div class=\"elementor-element elementor-element-4f6913a1 wd-width-100 elementor-widget elementor-widget-wd_title\" data-id=\"4f6913a1\" data-element_type=\"widget\" data-e-type=\"widget\" data-widget_type=\"wd_title.default\">\n\t\t\t\t<div class=\"elementor-widget-container\">\n\t\t\t\t\t\t\t<div class=\"title-wrapper wd-set-mb reset-last-child wd-title-color-default wd-title-style-default wd-title-size-small text-left\">\n\n\t\t\t\n\t\t\t<div class=\"liner-continer\">\n\t\t\t\t<h4 class=\"woodmart-title-container title wd-fontsize-m\">\u062a\u0627\u0628\u0639\u0648\u0646\u0627<\/h4> \n\t\t\t\t\t\t\t<\/div>\n\n\t\t\t\t\t<\/div>\n\t\t\t\t\t\t<\/div>\n\t\t\t\t<\/div>\n\t\t\t\t<div class=\"elementor-element elementor-element-4c562c20 reseau-sociaux-sidebar elementor-widget elementor-widget-wd_social_buttons\" data-id=\"4c562c20\" data-element_type=\"widget\" data-e-type=\"widget\" data-widget_type=\"wd_social_buttons.default\">\n\t\t\t\t<div class=\"elementor-widget-container\">\n\t\t\t\t\t\t\t\t<div\n\t\t\t\t\t\tclass=\"wd-social-icons wd-style-colored wd-size-default social-follow wd-shape-circle color-scheme-dark text-left\">\n\t\t\t\t\n\t\t\t\t\n\t\t\t\t\t\t\t\t\t<a rel=\"noopener noreferrer nofollow\" href=\"#\" target=\"_blank\" class=\"wd-social-icon social-facebook\" aria-label=\"Facebook social link\">\n\t\t\t\t\t\t<span class=\"wd-icon\"><\/span>\n\t\t\t\t\t\t\t\t\t\t\t<\/a>\n\t\t\t\t\n\t\t\t\t\n\t\t\t\t\n\t\t\t\t\n\t\t\t\t\t\t\t\t\t<a rel=\"noopener noreferrer nofollow\" href=\"#\" target=\"_blank\" class=\"wd-social-icon social-instagram\" aria-label=\"Instagram social link\">\n\t\t\t\t\t\t<span class=\"wd-icon\"><\/span>\n\t\t\t\t\t\t\t\t\t\t\t<\/a>\n\t\t\t\t\n\t\t\t\t\n\t\t\t\t\n\t\t\t\t\t\t\t\t\t<a rel=\"noopener noreferrer nofollow\" href=\"#\" target=\"_blank\" class=\"wd-social-icon social-pinterest\" aria-label=\"Pinterest social link\">\n\t\t\t\t\t\t<span class=\"wd-icon\"><\/span>\n\t\t\t\t\t\t\t\t\t\t\t<\/a>\n\t\t\t\t\n\t\t\t\t\n\t\t\t\t\n\t\t\t\t\n\t\t\t\t\n\t\t\t\t\n\t\t\t\t\n\t\t\t\t\n\t\t\t\t\n\t\t\t\t\n\t\t\t\t\n\t\t\t\t\n\t\t\t\t\n\t\t\t\t\n\t\t\t\t\t\t\t\t\t<a rel=\"noopener noreferrer nofollow\" href=\"#\" target=\"_blank\" class=\"wd-social-icon social-tiktok\" aria-label=\"TikTok social link\">\n\t\t\t\t\t\t<span class=\"wd-icon\"><\/span>\n\t\t\t\t\t\t\t\t\t\t\t<\/a>\n\t\t\t\t\n\t\t\t\t\n\t\t\t\t\n\t\t\t\t\n\t\t\t\t\n\t\t\t<\/div>\n\n\t\t\t\t\t\t<\/div>\n\t\t\t\t<\/div>\n\t\t\t\t<\/div>\n\t\t\t\t<\/div>\n\t\t\t\t\t<\/div>\n\t\t\t\t<\/div>\n\t\t\t\t<\/div>","protected":false},"excerpt":{"rendered":"<p>Paiement S\u00e9curis\u00e9 Options de paiement flexibles pour une exp\u00e9rience d&rsquo;achat pratique. Nous offrons une vari\u00e9t\u00e9 de m\u00e9thodes de paiement pour<\/p>","protected":false},"author":2,"featured_media":0,"parent":0,"menu_order":0,"comment_status":"closed","ping_status":"closed","template":"","meta":{"footnotes":""},"class_list":["post-11149","page","type-page","status-publish","hentry"],"_links":{"self":[{"href":"https:\/\/village.ma\/ar\/wp-json\/wp\/v2\/pages\/11149","targetHints":{"allow":["GET"]}}],"collection":[{"href":"https:\/\/village.ma\/ar\/wp-json\/wp\/v2\/pages"}],"about":[{"href":"https:\/\/village.ma\/ar\/wp-json\/wp\/v2\/types\/page"}],"author":[{"embeddable":true,"href":"https:\/\/village.ma\/ar\/wp-json\/wp\/v2\/users\/2"}],"replies":[{"embeddable":true,"href":"https:\/\/village.ma\/ar\/wp-json\/wp\/v2\/comments?post=11149"}],"version-history":[{"count":7,"href":"https:\/\/village.ma\/ar\/wp-json\/wp\/v2\/pages\/11149\/revisions"}],"predecessor-version":[{"id":11200,"href":"https:\/\/village.ma\/ar\/wp-json\/wp\/v2\/pages\/11149\/revisions\/11200"}],"wp:attachment":[{"href":"https:\/\/village.ma\/ar\/wp-json\/wp\/v2\/media?parent=11149"}],"curies":[{"name":"wp","href":"https:\/\/api.w.org\/{rel}","templated":true}]}}